{"id":14935,"date":"2021-12-21T13:44:18","date_gmt":"2021-12-21T12:44:18","guid":{"rendered":"https:\/\/www.alinto.com\/accueil\/"},"modified":"2025-07-16T11:15:02","modified_gmt":"2025-07-16T09:15:02","slug":"accueil","status":"publish","type":"page","link":"https:\/\/www.alinto.com\/de-ch\/","title":{"rendered":"Home"},"content":{"rendered":"","protected":false},"excerpt":{"rendered":"","protected":false},"author":16,"featured_media":0,"parent":0,"menu_order":0,"comment_status":"closed","ping_status":"closed","template":"","meta":{"_acf_changed":false,"inline_featured_image":false,"footnotes":""},"class_list":["post-14935","page","type-page","status-publish","hentry"],"acf":[],"yoast_head":"<!-- This site is optimized with the Yoast SEO plugin v27.3 - https:\/\/yoast.com\/product\/yoast-seo-wordpress\/ -->\n<title>Alinto: Professionelle E-Mail-L\u00f6sungen f\u00fcr Unternehmen<\/title>\n<meta name=\"description\" content=\"Entdecken SIe Europas f\u00fchrenden Anbieter von E-Mail-L\u00f6sungen. Fokus auf Sicherheit, Datensouver\u00e4nit\u00e4t &amp; Nachhaltigkeit. F\u00fcr KMU, Verwaltungen &amp; Service Provider.\" \/>\n<meta name=\"robots\" content=\"index, follow, max-snippet:-1, max-image-preview:large, max-video-preview:-1\" \/>\n<link rel=\"canonical\" href=\"https:\/\/www.alinto.com\/de-ch\/\" \/>\n<meta property=\"og:locale\" content=\"de_DE\" \/>\n<meta property=\"og:type\" content=\"article\" \/>\n<meta property=\"og:title\" content=\"Alinto: Professionelle E-Mail-L\u00f6sungen f\u00fcr Unternehmen\" \/>\n<meta property=\"og:description\" content=\"Entdecken SIe Europas f\u00fchrenden Anbieter von E-Mail-L\u00f6sungen. Fokus auf Sicherheit, Datensouver\u00e4nit\u00e4t &amp; Nachhaltigkeit. F\u00fcr KMU, Verwaltungen &amp; Service Provider.\" \/>\n<meta property=\"og:url\" content=\"https:\/\/www.alinto.com\/de-ch\/\" \/>\n<meta property=\"og:site_name\" content=\"Alinto\" \/>\n<meta property=\"article:modified_time\" content=\"2025-07-16T09:15:02+00:00\" \/>\n<meta name=\"twitter:card\" content=\"summary_large_image\" \/>\n<script type=\"application\/ld+json\" class=\"yoast-schema-graph\">{\"@context\":\"https:\\\/\\\/schema.org\",\"@graph\":[{\"@type\":\"WebPage\",\"@id\":\"https:\\\/\\\/www.alinto.com\\\/de-ch\\\/\",\"url\":\"https:\\\/\\\/www.alinto.com\\\/de-ch\\\/\",\"name\":\"Alinto: Professionelle E-Mail-L\u00f6sungen f\u00fcr Unternehmen\",\"isPartOf\":{\"@id\":\"https:\\\/\\\/www.alinto.com\\\/de-ch\\\/#website\"},\"datePublished\":\"2021-12-21T12:44:18+00:00\",\"dateModified\":\"2025-07-16T09:15:02+00:00\",\"description\":\"Entdecken SIe Europas f\u00fchrenden Anbieter von E-Mail-L\u00f6sungen. Fokus auf Sicherheit, Datensouver\u00e4nit\u00e4t & Nachhaltigkeit. F\u00fcr KMU, Verwaltungen & Service Provider.\",\"breadcrumb\":{\"@id\":\"https:\\\/\\\/www.alinto.com\\\/de-ch\\\/#breadcrumb\"},\"inLanguage\":\"de-CH\",\"potentialAction\":[{\"@type\":\"ReadAction\",\"target\":[\"https:\\\/\\\/www.alinto.com\\\/de-ch\\\/\"]}]},{\"@type\":\"BreadcrumbList\",\"@id\":\"https:\\\/\\\/www.alinto.com\\\/de-ch\\\/#breadcrumb\",\"itemListElement\":[{\"@type\":\"ListItem\",\"position\":1,\"name\":\"Startseite\",\"item\":\"https:\\\/\\\/www.alinto.com\\\/de-ch\\\/\"},{\"@type\":\"ListItem\",\"position\":2,\"name\":\"Home\"}]},{\"@type\":\"WebSite\",\"@id\":\"https:\\\/\\\/www.alinto.com\\\/de-ch\\\/#website\",\"url\":\"https:\\\/\\\/www.alinto.com\\\/de-ch\\\/\",\"name\":\"Alinto\",\"description\":\"E-Mail-L\u00f6sungen &amp; E-Mail-Sicherheit\",\"publisher\":{\"@id\":\"https:\\\/\\\/www.alinto.com\\\/de-ch\\\/#organization\"},\"potentialAction\":[{\"@type\":\"SearchAction\",\"target\":{\"@type\":\"EntryPoint\",\"urlTemplate\":\"https:\\\/\\\/www.alinto.com\\\/de-ch\\\/?s={search_term_string}\"},\"query-input\":{\"@type\":\"PropertyValueSpecification\",\"valueRequired\":true,\"valueName\":\"search_term_string\"}}],\"inLanguage\":\"de-CH\"},{\"@type\":\"Organization\",\"@id\":\"https:\\\/\\\/www.alinto.com\\\/de-ch\\\/#organization\",\"name\":\"Alinto\",\"url\":\"https:\\\/\\\/www.alinto.com\\\/de-ch\\\/\",\"logo\":{\"@type\":\"ImageObject\",\"inLanguage\":\"de-CH\",\"@id\":\"https:\\\/\\\/www.alinto.com\\\/de-ch\\\/#\\\/schema\\\/logo\\\/image\\\/\",\"url\":\"https:\\\/\\\/www.alinto.com\\\/wp-content\\\/uploads\\\/2022\\\/04\\\/logo-alinto-1-1.svg\",\"contentUrl\":\"https:\\\/\\\/www.alinto.com\\\/wp-content\\\/uploads\\\/2022\\\/04\\\/logo-alinto-1-1.svg\",\"caption\":\"Alinto\"},\"image\":{\"@id\":\"https:\\\/\\\/www.alinto.com\\\/de-ch\\\/#\\\/schema\\\/logo\\\/image\\\/\"}}]}<\/script>\n<!-- \/ Yoast SEO plugin. -->","yoast_head_json":{"title":"Alinto: Professionelle E-Mail-L\u00f6sungen f\u00fcr Unternehmen","description":"Entdecken SIe Europas f\u00fchrenden Anbieter von E-Mail-L\u00f6sungen. Fokus auf Sicherheit, Datensouver\u00e4nit\u00e4t & Nachhaltigkeit. F\u00fcr KMU, Verwaltungen & Service Provider.","robots":{"index":"index","follow":"follow","max-snippet":"max-snippet:-1","max-image-preview":"max-image-preview:large","max-video-preview":"max-video-preview:-1"},"canonical":"https:\/\/www.alinto.com\/de-ch\/","og_locale":"de_DE","og_type":"article","og_title":"Alinto: Professionelle E-Mail-L\u00f6sungen f\u00fcr Unternehmen","og_description":"Entdecken SIe Europas f\u00fchrenden Anbieter von E-Mail-L\u00f6sungen. Fokus auf Sicherheit, Datensouver\u00e4nit\u00e4t & Nachhaltigkeit. F\u00fcr KMU, Verwaltungen & Service Provider.","og_url":"https:\/\/www.alinto.com\/de-ch\/","og_site_name":"Alinto","article_modified_time":"2025-07-16T09:15:02+00:00","twitter_card":"summary_large_image","schema":{"@context":"https:\/\/schema.org","@graph":[{"@type":"WebPage","@id":"https:\/\/www.alinto.com\/de-ch\/","url":"https:\/\/www.alinto.com\/de-ch\/","name":"Alinto: Professionelle E-Mail-L\u00f6sungen f\u00fcr Unternehmen","isPartOf":{"@id":"https:\/\/www.alinto.com\/de-ch\/#website"},"datePublished":"2021-12-21T12:44:18+00:00","dateModified":"2025-07-16T09:15:02+00:00","description":"Entdecken SIe Europas f\u00fchrenden Anbieter von E-Mail-L\u00f6sungen. Fokus auf Sicherheit, Datensouver\u00e4nit\u00e4t & Nachhaltigkeit. F\u00fcr KMU, Verwaltungen & Service Provider.","breadcrumb":{"@id":"https:\/\/www.alinto.com\/de-ch\/#breadcrumb"},"inLanguage":"de-CH","potentialAction":[{"@type":"ReadAction","target":["https:\/\/www.alinto.com\/de-ch\/"]}]},{"@type":"BreadcrumbList","@id":"https:\/\/www.alinto.com\/de-ch\/#breadcrumb","itemListElement":[{"@type":"ListItem","position":1,"name":"Startseite","item":"https:\/\/www.alinto.com\/de-ch\/"},{"@type":"ListItem","position":2,"name":"Home"}]},{"@type":"WebSite","@id":"https:\/\/www.alinto.com\/de-ch\/#website","url":"https:\/\/www.alinto.com\/de-ch\/","name":"Alinto","description":"E-Mail-L\u00f6sungen &amp; E-Mail-Sicherheit","publisher":{"@id":"https:\/\/www.alinto.com\/de-ch\/#organization"},"potentialAction":[{"@type":"SearchAction","target":{"@type":"EntryPoint","urlTemplate":"https:\/\/www.alinto.com\/de-ch\/?s={search_term_string}"},"query-input":{"@type":"PropertyValueSpecification","valueRequired":true,"valueName":"search_term_string"}}],"inLanguage":"de-CH"},{"@type":"Organization","@id":"https:\/\/www.alinto.com\/de-ch\/#organization","name":"Alinto","url":"https:\/\/www.alinto.com\/de-ch\/","logo":{"@type":"ImageObject","inLanguage":"de-CH","@id":"https:\/\/www.alinto.com\/de-ch\/#\/schema\/logo\/image\/","url":"https:\/\/www.alinto.com\/wp-content\/uploads\/2022\/04\/logo-alinto-1-1.svg","contentUrl":"https:\/\/www.alinto.com\/wp-content\/uploads\/2022\/04\/logo-alinto-1-1.svg","caption":"Alinto"},"image":{"@id":"https:\/\/www.alinto.com\/de-ch\/#\/schema\/logo\/image\/"}}]}},"_links":{"self":[{"href":"https:\/\/www.alinto.com\/de-ch\/wp-json\/wp\/v2\/pages\/14935","targetHints":{"allow":["GET"]}}],"collection":[{"href":"https:\/\/www.alinto.com\/de-ch\/wp-json\/wp\/v2\/pages"}],"about":[{"href":"https:\/\/www.alinto.com\/de-ch\/wp-json\/wp\/v2\/types\/page"}],"author":[{"embeddable":true,"href":"https:\/\/www.alinto.com\/de-ch\/wp-json\/wp\/v2\/users\/16"}],"replies":[{"embeddable":true,"href":"https:\/\/www.alinto.com\/de-ch\/wp-json\/wp\/v2\/comments?post=14935"}],"version-history":[{"count":0,"href":"https:\/\/www.alinto.com\/de-ch\/wp-json\/wp\/v2\/pages\/14935\/revisions"}],"wp:attachment":[{"href":"https:\/\/www.alinto.com\/de-ch\/wp-json\/wp\/v2\/media?parent=14935"}],"curies":[{"name":"wp","href":"https:\/\/api.w.org\/{rel}","templated":true}]}}