{"id":14960,"date":"2022-03-08T10:58:50","date_gmt":"2022-03-08T09:58:50","guid":{"rendered":"https:\/\/www.alinto.com\/sovereign-exchange-in-cloud\/"},"modified":"2024-06-25T16:32:53","modified_gmt":"2024-06-25T14:32:53","slug":"exchange-cloud-hosting","status":"publish","type":"page","link":"https:\/\/www.alinto.com\/de-ch\/exchange-cloud-hosting\/","title":{"rendered":"Exchange in Cloud"},"content":{"rendered":"","protected":false},"excerpt":{"rendered":"","protected":false},"author":16,"featured_media":0,"parent":0,"menu_order":3,"comment_status":"closed","ping_status":"closed","template":"","meta":{"_acf_changed":false,"inline_featured_image":false,"footnotes":""},"class_list":["post-14960","page","type-page","status-publish","hentry"],"acf":[],"yoast_head":"<!-- This site is optimized with the Yoast SEO plugin v27.3 - https:\/\/yoast.com\/product\/yoast-seo-wordpress\/ -->\n<title>Exchange in Cloud: Souver\u00e4nes Email-Hosting von Alinto<\/title>\n<meta name=\"description\" content=\"Der weltweit meistgenutzter E-Mail-Server, gehostet in sicherer europ\u00e4ischer Cloud. Suchen Sie unabh\u00e4ngiges &amp; nachhaltiges Exchange-Hosting? Kontaktieren Sie uns!ach einem unabh\u00e4ngigen Exchange-Mail-Hosting-Anbieter? Fragen Sie uns!\" \/>\n<meta name=\"robots\" content=\"index, follow, max-snippet:-1, max-image-preview:large, max-video-preview:-1\" \/>\n<link rel=\"canonical\" href=\"https:\/\/www.alinto.com\/de-ch\/exchange-cloud-hosting\/\" \/>\n<meta property=\"og:locale\" content=\"de_DE\" \/>\n<meta property=\"og:type\" content=\"article\" \/>\n<meta property=\"og:title\" content=\"Exchange in Cloud: Souver\u00e4nes Email-Hosting von Alinto\" \/>\n<meta property=\"og:description\" content=\"Der weltweit meistgenutzter E-Mail-Server, gehostet in sicherer europ\u00e4ischer Cloud. Suchen Sie unabh\u00e4ngiges &amp; nachhaltiges Exchange-Hosting? Kontaktieren Sie uns!ach einem unabh\u00e4ngigen Exchange-Mail-Hosting-Anbieter? Fragen Sie uns!\" \/>\n<meta property=\"og:url\" content=\"https:\/\/www.alinto.com\/de-ch\/exchange-cloud-hosting\/\" \/>\n<meta property=\"og:site_name\" content=\"Alinto\" \/>\n<meta property=\"article:modified_time\" content=\"2024-06-25T14:32:53+00:00\" \/>\n<meta name=\"twitter:card\" content=\"summary_large_image\" \/>\n<script type=\"application\/ld+json\" class=\"yoast-schema-graph\">{\"@context\":\"https:\\\/\\\/schema.org\",\"@graph\":[{\"@type\":\"WebPage\",\"@id\":\"https:\\\/\\\/www.alinto.com\\\/de-ch\\\/exchange-cloud-hosting\\\/\",\"url\":\"https:\\\/\\\/www.alinto.com\\\/de-ch\\\/exchange-cloud-hosting\\\/\",\"name\":\"Exchange in Cloud: Souver\u00e4nes Email-Hosting von Alinto\",\"isPartOf\":{\"@id\":\"https:\\\/\\\/www.alinto.com\\\/de-ch\\\/#website\"},\"datePublished\":\"2022-03-08T09:58:50+00:00\",\"dateModified\":\"2024-06-25T14:32:53+00:00\",\"description\":\"Der weltweit meistgenutzter E-Mail-Server, gehostet in sicherer europ\u00e4ischer Cloud. Suchen Sie unabh\u00e4ngiges & nachhaltiges Exchange-Hosting? Kontaktieren Sie uns!ach einem unabh\u00e4ngigen Exchange-Mail-Hosting-Anbieter? Fragen Sie uns!\",\"breadcrumb\":{\"@id\":\"https:\\\/\\\/www.alinto.com\\\/de-ch\\\/exchange-cloud-hosting\\\/#breadcrumb\"},\"inLanguage\":\"de-CH\",\"potentialAction\":[{\"@type\":\"ReadAction\",\"target\":[\"https:\\\/\\\/www.alinto.com\\\/de-ch\\\/exchange-cloud-hosting\\\/\"]}]},{\"@type\":\"BreadcrumbList\",\"@id\":\"https:\\\/\\\/www.alinto.com\\\/de-ch\\\/exchange-cloud-hosting\\\/#breadcrumb\",\"itemListElement\":[{\"@type\":\"ListItem\",\"position\":1,\"name\":\"Startseite\",\"item\":\"https:\\\/\\\/www.alinto.com\\\/de-ch\\\/\"},{\"@type\":\"ListItem\",\"position\":2,\"name\":\"Exchange in Cloud\"}]},{\"@type\":\"WebSite\",\"@id\":\"https:\\\/\\\/www.alinto.com\\\/de-ch\\\/#website\",\"url\":\"https:\\\/\\\/www.alinto.com\\\/de-ch\\\/\",\"name\":\"Alinto\",\"description\":\"E-Mail-L\u00f6sungen &amp; E-Mail-Sicherheit\",\"publisher\":{\"@id\":\"https:\\\/\\\/www.alinto.com\\\/de-ch\\\/#organization\"},\"potentialAction\":[{\"@type\":\"SearchAction\",\"target\":{\"@type\":\"EntryPoint\",\"urlTemplate\":\"https:\\\/\\\/www.alinto.com\\\/de-ch\\\/?s={search_term_string}\"},\"query-input\":{\"@type\":\"PropertyValueSpecification\",\"valueRequired\":true,\"valueName\":\"search_term_string\"}}],\"inLanguage\":\"de-CH\"},{\"@type\":\"Organization\",\"@id\":\"https:\\\/\\\/www.alinto.com\\\/de-ch\\\/#organization\",\"name\":\"Alinto\",\"url\":\"https:\\\/\\\/www.alinto.com\\\/de-ch\\\/\",\"logo\":{\"@type\":\"ImageObject\",\"inLanguage\":\"de-CH\",\"@id\":\"https:\\\/\\\/www.alinto.com\\\/de-ch\\\/#\\\/schema\\\/logo\\\/image\\\/\",\"url\":\"https:\\\/\\\/www.alinto.com\\\/wp-content\\\/uploads\\\/2022\\\/04\\\/logo-alinto-1-1.svg\",\"contentUrl\":\"https:\\\/\\\/www.alinto.com\\\/wp-content\\\/uploads\\\/2022\\\/04\\\/logo-alinto-1-1.svg\",\"caption\":\"Alinto\"},\"image\":{\"@id\":\"https:\\\/\\\/www.alinto.com\\\/de-ch\\\/#\\\/schema\\\/logo\\\/image\\\/\"}}]}<\/script>\n<!-- \/ Yoast SEO plugin. -->","yoast_head_json":{"title":"Exchange in Cloud: Souver\u00e4nes Email-Hosting von Alinto","description":"Der weltweit meistgenutzter E-Mail-Server, gehostet in sicherer europ\u00e4ischer Cloud. Suchen Sie unabh\u00e4ngiges & nachhaltiges Exchange-Hosting? Kontaktieren Sie uns!ach einem unabh\u00e4ngigen Exchange-Mail-Hosting-Anbieter? Fragen Sie uns!","robots":{"index":"index","follow":"follow","max-snippet":"max-snippet:-1","max-image-preview":"max-image-preview:large","max-video-preview":"max-video-preview:-1"},"canonical":"https:\/\/www.alinto.com\/de-ch\/exchange-cloud-hosting\/","og_locale":"de_DE","og_type":"article","og_title":"Exchange in Cloud: Souver\u00e4nes Email-Hosting von Alinto","og_description":"Der weltweit meistgenutzter E-Mail-Server, gehostet in sicherer europ\u00e4ischer Cloud. Suchen Sie unabh\u00e4ngiges & nachhaltiges Exchange-Hosting? Kontaktieren Sie uns!ach einem unabh\u00e4ngigen Exchange-Mail-Hosting-Anbieter? Fragen Sie uns!","og_url":"https:\/\/www.alinto.com\/de-ch\/exchange-cloud-hosting\/","og_site_name":"Alinto","article_modified_time":"2024-06-25T14:32:53+00:00","twitter_card":"summary_large_image","schema":{"@context":"https:\/\/schema.org","@graph":[{"@type":"WebPage","@id":"https:\/\/www.alinto.com\/de-ch\/exchange-cloud-hosting\/","url":"https:\/\/www.alinto.com\/de-ch\/exchange-cloud-hosting\/","name":"Exchange in Cloud: Souver\u00e4nes Email-Hosting von Alinto","isPartOf":{"@id":"https:\/\/www.alinto.com\/de-ch\/#website"},"datePublished":"2022-03-08T09:58:50+00:00","dateModified":"2024-06-25T14:32:53+00:00","description":"Der weltweit meistgenutzter E-Mail-Server, gehostet in sicherer europ\u00e4ischer Cloud. Suchen Sie unabh\u00e4ngiges & nachhaltiges Exchange-Hosting? Kontaktieren Sie uns!ach einem unabh\u00e4ngigen Exchange-Mail-Hosting-Anbieter? Fragen Sie uns!","breadcrumb":{"@id":"https:\/\/www.alinto.com\/de-ch\/exchange-cloud-hosting\/#breadcrumb"},"inLanguage":"de-CH","potentialAction":[{"@type":"ReadAction","target":["https:\/\/www.alinto.com\/de-ch\/exchange-cloud-hosting\/"]}]},{"@type":"BreadcrumbList","@id":"https:\/\/www.alinto.com\/de-ch\/exchange-cloud-hosting\/#breadcrumb","itemListElement":[{"@type":"ListItem","position":1,"name":"Startseite","item":"https:\/\/www.alinto.com\/de-ch\/"},{"@type":"ListItem","position":2,"name":"Exchange in Cloud"}]},{"@type":"WebSite","@id":"https:\/\/www.alinto.com\/de-ch\/#website","url":"https:\/\/www.alinto.com\/de-ch\/","name":"Alinto","description":"E-Mail-L\u00f6sungen &amp; E-Mail-Sicherheit","publisher":{"@id":"https:\/\/www.alinto.com\/de-ch\/#organization"},"potentialAction":[{"@type":"SearchAction","target":{"@type":"EntryPoint","urlTemplate":"https:\/\/www.alinto.com\/de-ch\/?s={search_term_string}"},"query-input":{"@type":"PropertyValueSpecification","valueRequired":true,"valueName":"search_term_string"}}],"inLanguage":"de-CH"},{"@type":"Organization","@id":"https:\/\/www.alinto.com\/de-ch\/#organization","name":"Alinto","url":"https:\/\/www.alinto.com\/de-ch\/","logo":{"@type":"ImageObject","inLanguage":"de-CH","@id":"https:\/\/www.alinto.com\/de-ch\/#\/schema\/logo\/image\/","url":"https:\/\/www.alinto.com\/wp-content\/uploads\/2022\/04\/logo-alinto-1-1.svg","contentUrl":"https:\/\/www.alinto.com\/wp-content\/uploads\/2022\/04\/logo-alinto-1-1.svg","caption":"Alinto"},"image":{"@id":"https:\/\/www.alinto.com\/de-ch\/#\/schema\/logo\/image\/"}}]}},"_links":{"self":[{"href":"https:\/\/www.alinto.com\/de-ch\/wp-json\/wp\/v2\/pages\/14960","targetHints":{"allow":["GET"]}}],"collection":[{"href":"https:\/\/www.alinto.com\/de-ch\/wp-json\/wp\/v2\/pages"}],"about":[{"href":"https:\/\/www.alinto.com\/de-ch\/wp-json\/wp\/v2\/types\/page"}],"author":[{"embeddable":true,"href":"https:\/\/www.alinto.com\/de-ch\/wp-json\/wp\/v2\/users\/16"}],"replies":[{"embeddable":true,"href":"https:\/\/www.alinto.com\/de-ch\/wp-json\/wp\/v2\/comments?post=14960"}],"version-history":[{"count":0,"href":"https:\/\/www.alinto.com\/de-ch\/wp-json\/wp\/v2\/pages\/14960\/revisions"}],"wp:attachment":[{"href":"https:\/\/www.alinto.com\/de-ch\/wp-json\/wp\/v2\/media?parent=14960"}],"curies":[{"name":"wp","href":"https:\/\/api.w.org\/{rel}","templated":true}]}}