{"id":19713,"date":"2024-07-09T16:56:20","date_gmt":"2024-07-09T14:56:20","guid":{"rendered":"https:\/\/www.alinto.com\/collabnext-projet-collaboratif-souverain-francais\/"},"modified":"2024-08-20T19:10:59","modified_gmt":"2024-08-20T17:10:59","slug":"collabnext-kollaborativ-europaeisch-projekt","status":"publish","type":"page","link":"https:\/\/www.alinto.com\/de-ch\/collabnext-kollaborativ-europaeisch-projekt\/","title":{"rendered":"CollabNext, un projet collaboratif et souverain"},"content":{"rendered":"","protected":false},"excerpt":{"rendered":"","protected":false},"author":22,"featured_media":0,"parent":0,"menu_order":1,"comment_status":"closed","ping_status":"closed","template":"","meta":{"_acf_changed":false,"inline_featured_image":false,"footnotes":""},"class_list":["post-19713","page","type-page","status-publish","hentry"],"acf":[],"yoast_head":"<!-- This site is optimized with the Yoast SEO plugin v27.3 - https:\/\/yoast.com\/product\/yoast-seo-wordpress\/ -->\n<title>CollabNext, kollaborative und souver\u00e4ne Office-Suite aus Europa<\/title>\n<meta name=\"description\" content=\"Entdecken Sie CollabNext, das komplette und 100 % europ\u00e4ische B\u00fcrosoftwarepaket. Sichern Sie sich Ihr souver\u00e4nes Office-Paket f\u00fcr effizientes Arbeiten!\" \/>\n<meta name=\"robots\" content=\"index, follow, max-snippet:-1, max-image-preview:large, max-video-preview:-1\" \/>\n<link rel=\"canonical\" href=\"https:\/\/www.alinto.com\/de-ch\/collabnext-kollaborativ-europaeisch-projekt\/\" \/>\n<meta property=\"og:locale\" content=\"de_DE\" \/>\n<meta property=\"og:type\" content=\"article\" \/>\n<meta property=\"og:title\" content=\"CollabNext, kollaborative und souver\u00e4ne Office-Suite aus Europa\" \/>\n<meta property=\"og:description\" content=\"Entdecken Sie CollabNext, das komplette und 100 % europ\u00e4ische B\u00fcrosoftwarepaket. Sichern Sie sich Ihr souver\u00e4nes Office-Paket f\u00fcr effizientes Arbeiten!\" \/>\n<meta property=\"og:url\" content=\"https:\/\/www.alinto.com\/de-ch\/collabnext-kollaborativ-europaeisch-projekt\/\" \/>\n<meta property=\"og:site_name\" content=\"Alinto\" \/>\n<meta property=\"article:modified_time\" content=\"2024-08-20T17:10:59+00:00\" \/>\n<meta name=\"twitter:card\" content=\"summary_large_image\" \/>\n<script type=\"application\/ld+json\" class=\"yoast-schema-graph\">{\"@context\":\"https:\\\/\\\/schema.org\",\"@graph\":[{\"@type\":\"WebPage\",\"@id\":\"https:\\\/\\\/www.alinto.com\\\/de-ch\\\/collabnext-kollaborativ-europaeisch-projekt\\\/\",\"url\":\"https:\\\/\\\/www.alinto.com\\\/de-ch\\\/collabnext-kollaborativ-europaeisch-projekt\\\/\",\"name\":\"CollabNext, kollaborative und souver\u00e4ne Office-Suite aus Europa\",\"isPartOf\":{\"@id\":\"https:\\\/\\\/www.alinto.com\\\/de-ch\\\/#website\"},\"datePublished\":\"2024-07-09T14:56:20+00:00\",\"dateModified\":\"2024-08-20T17:10:59+00:00\",\"description\":\"Entdecken Sie CollabNext, das komplette und 100 % europ\u00e4ische B\u00fcrosoftwarepaket. Sichern Sie sich Ihr souver\u00e4nes Office-Paket f\u00fcr effizientes Arbeiten!\",\"breadcrumb\":{\"@id\":\"https:\\\/\\\/www.alinto.com\\\/de-ch\\\/collabnext-kollaborativ-europaeisch-projekt\\\/#breadcrumb\"},\"inLanguage\":\"de-CH\",\"potentialAction\":[{\"@type\":\"ReadAction\",\"target\":[\"https:\\\/\\\/www.alinto.com\\\/de-ch\\\/collabnext-kollaborativ-europaeisch-projekt\\\/\"]}]},{\"@type\":\"BreadcrumbList\",\"@id\":\"https:\\\/\\\/www.alinto.com\\\/de-ch\\\/collabnext-kollaborativ-europaeisch-projekt\\\/#breadcrumb\",\"itemListElement\":[{\"@type\":\"ListItem\",\"position\":1,\"name\":\"Startseite\",\"item\":\"https:\\\/\\\/www.alinto.com\\\/de-ch\\\/\"},{\"@type\":\"ListItem\",\"position\":2,\"name\":\"CollabNext, un projet collaboratif et souverain\"}]},{\"@type\":\"WebSite\",\"@id\":\"https:\\\/\\\/www.alinto.com\\\/de-ch\\\/#website\",\"url\":\"https:\\\/\\\/www.alinto.com\\\/de-ch\\\/\",\"name\":\"Alinto\",\"description\":\"E-Mail-L\u00f6sungen &amp; E-Mail-Sicherheit\",\"publisher\":{\"@id\":\"https:\\\/\\\/www.alinto.com\\\/de-ch\\\/#organization\"},\"potentialAction\":[{\"@type\":\"SearchAction\",\"target\":{\"@type\":\"EntryPoint\",\"urlTemplate\":\"https:\\\/\\\/www.alinto.com\\\/de-ch\\\/?s={search_term_string}\"},\"query-input\":{\"@type\":\"PropertyValueSpecification\",\"valueRequired\":true,\"valueName\":\"search_term_string\"}}],\"inLanguage\":\"de-CH\"},{\"@type\":\"Organization\",\"@id\":\"https:\\\/\\\/www.alinto.com\\\/de-ch\\\/#organization\",\"name\":\"Alinto\",\"url\":\"https:\\\/\\\/www.alinto.com\\\/de-ch\\\/\",\"logo\":{\"@type\":\"ImageObject\",\"inLanguage\":\"de-CH\",\"@id\":\"https:\\\/\\\/www.alinto.com\\\/de-ch\\\/#\\\/schema\\\/logo\\\/image\\\/\",\"url\":\"https:\\\/\\\/www.alinto.com\\\/wp-content\\\/uploads\\\/2022\\\/04\\\/logo-alinto-1-1.svg\",\"contentUrl\":\"https:\\\/\\\/www.alinto.com\\\/wp-content\\\/uploads\\\/2022\\\/04\\\/logo-alinto-1-1.svg\",\"caption\":\"Alinto\"},\"image\":{\"@id\":\"https:\\\/\\\/www.alinto.com\\\/de-ch\\\/#\\\/schema\\\/logo\\\/image\\\/\"}}]}<\/script>\n<!-- \/ Yoast SEO plugin. -->","yoast_head_json":{"title":"CollabNext, kollaborative und souver\u00e4ne Office-Suite aus Europa","description":"Entdecken Sie CollabNext, das komplette und 100 % europ\u00e4ische B\u00fcrosoftwarepaket. Sichern Sie sich Ihr souver\u00e4nes Office-Paket f\u00fcr effizientes Arbeiten!","robots":{"index":"index","follow":"follow","max-snippet":"max-snippet:-1","max-image-preview":"max-image-preview:large","max-video-preview":"max-video-preview:-1"},"canonical":"https:\/\/www.alinto.com\/de-ch\/collabnext-kollaborativ-europaeisch-projekt\/","og_locale":"de_DE","og_type":"article","og_title":"CollabNext, kollaborative und souver\u00e4ne Office-Suite aus Europa","og_description":"Entdecken Sie CollabNext, das komplette und 100 % europ\u00e4ische B\u00fcrosoftwarepaket. Sichern Sie sich Ihr souver\u00e4nes Office-Paket f\u00fcr effizientes Arbeiten!","og_url":"https:\/\/www.alinto.com\/de-ch\/collabnext-kollaborativ-europaeisch-projekt\/","og_site_name":"Alinto","article_modified_time":"2024-08-20T17:10:59+00:00","twitter_card":"summary_large_image","schema":{"@context":"https:\/\/schema.org","@graph":[{"@type":"WebPage","@id":"https:\/\/www.alinto.com\/de-ch\/collabnext-kollaborativ-europaeisch-projekt\/","url":"https:\/\/www.alinto.com\/de-ch\/collabnext-kollaborativ-europaeisch-projekt\/","name":"CollabNext, kollaborative und souver\u00e4ne Office-Suite aus Europa","isPartOf":{"@id":"https:\/\/www.alinto.com\/de-ch\/#website"},"datePublished":"2024-07-09T14:56:20+00:00","dateModified":"2024-08-20T17:10:59+00:00","description":"Entdecken Sie CollabNext, das komplette und 100 % europ\u00e4ische B\u00fcrosoftwarepaket. Sichern Sie sich Ihr souver\u00e4nes Office-Paket f\u00fcr effizientes Arbeiten!","breadcrumb":{"@id":"https:\/\/www.alinto.com\/de-ch\/collabnext-kollaborativ-europaeisch-projekt\/#breadcrumb"},"inLanguage":"de-CH","potentialAction":[{"@type":"ReadAction","target":["https:\/\/www.alinto.com\/de-ch\/collabnext-kollaborativ-europaeisch-projekt\/"]}]},{"@type":"BreadcrumbList","@id":"https:\/\/www.alinto.com\/de-ch\/collabnext-kollaborativ-europaeisch-projekt\/#breadcrumb","itemListElement":[{"@type":"ListItem","position":1,"name":"Startseite","item":"https:\/\/www.alinto.com\/de-ch\/"},{"@type":"ListItem","position":2,"name":"CollabNext, un projet collaboratif et souverain"}]},{"@type":"WebSite","@id":"https:\/\/www.alinto.com\/de-ch\/#website","url":"https:\/\/www.alinto.com\/de-ch\/","name":"Alinto","description":"E-Mail-L\u00f6sungen &amp; E-Mail-Sicherheit","publisher":{"@id":"https:\/\/www.alinto.com\/de-ch\/#organization"},"potentialAction":[{"@type":"SearchAction","target":{"@type":"EntryPoint","urlTemplate":"https:\/\/www.alinto.com\/de-ch\/?s={search_term_string}"},"query-input":{"@type":"PropertyValueSpecification","valueRequired":true,"valueName":"search_term_string"}}],"inLanguage":"de-CH"},{"@type":"Organization","@id":"https:\/\/www.alinto.com\/de-ch\/#organization","name":"Alinto","url":"https:\/\/www.alinto.com\/de-ch\/","logo":{"@type":"ImageObject","inLanguage":"de-CH","@id":"https:\/\/www.alinto.com\/de-ch\/#\/schema\/logo\/image\/","url":"https:\/\/www.alinto.com\/wp-content\/uploads\/2022\/04\/logo-alinto-1-1.svg","contentUrl":"https:\/\/www.alinto.com\/wp-content\/uploads\/2022\/04\/logo-alinto-1-1.svg","caption":"Alinto"},"image":{"@id":"https:\/\/www.alinto.com\/de-ch\/#\/schema\/logo\/image\/"}}]}},"_links":{"self":[{"href":"https:\/\/www.alinto.com\/de-ch\/wp-json\/wp\/v2\/pages\/19713","targetHints":{"allow":["GET"]}}],"collection":[{"href":"https:\/\/www.alinto.com\/de-ch\/wp-json\/wp\/v2\/pages"}],"about":[{"href":"https:\/\/www.alinto.com\/de-ch\/wp-json\/wp\/v2\/types\/page"}],"author":[{"embeddable":true,"href":"https:\/\/www.alinto.com\/de-ch\/wp-json\/wp\/v2\/users\/22"}],"replies":[{"embeddable":true,"href":"https:\/\/www.alinto.com\/de-ch\/wp-json\/wp\/v2\/comments?post=19713"}],"version-history":[{"count":0,"href":"https:\/\/www.alinto.com\/de-ch\/wp-json\/wp\/v2\/pages\/19713\/revisions"}],"wp:attachment":[{"href":"https:\/\/www.alinto.com\/de-ch\/wp-json\/wp\/v2\/media?parent=19713"}],"curies":[{"name":"wp","href":"https:\/\/api.w.org\/{rel}","templated":true}]}}