{"id":14750,"date":"2021-04-02T11:34:53","date_gmt":"2021-04-02T09:34:53","guid":{"rendered":"https:\/\/www.alinto.com\/legal-notice\/"},"modified":"2026-01-12T11:20:33","modified_gmt":"2026-01-12T10:20:33","slug":"legal-notice","status":"publish","type":"page","link":"https:\/\/www.alinto.com\/es\/legal-notice\/","title":{"rendered":"Aviso Legal"},"content":{"rendered":"<p>El sitio web <a href=\"https:\/\/www.alinto.es\">https:\/\/www.alinto.es<\/a>\u00a0 (en adelante, el \u00abSitio\u00bb) es publicado por Alinto Espa\u00f1a SL (NIF\/CIF: B67476028) con domicilio Paseo de Gracia, 101 \u2013 4\u00ba 1<br \/>\n08008 Barcelona ESPA\u00d1A<\/p>\n<p>&nbsp;<\/p>\n<p>Alinto Espa\u00f1a SL es una empresa de Alinto Group. El sitio web\u00a0 est\u00e1 gestionada por Alinto, sociedad an\u00f3nima con un Consejo de Administraci\u00f3n y un capital de 2 045 860 euros inscrita en el Tribunal de Comercio de Lyon con el n\u00famero 823678255<\/p>\n<p>Domicilio social: Alinto<\/p>\n<p>19 quai Perrache 69002 LYON (Francia)<\/p>\n<p>Director de la publicaci\u00f3n: Rodolphe Fr\u00e9ring<\/p>\n<p>N\u00famero de tel\u00e9fono: +33 (0)481 090 110<\/p>\n<p>Correo electr\u00f3nico: info (@) alinto.eu<\/p>\n<p>El sitio est\u00e1 alojado por : Alinto<\/p>\n<p>19 quai Perrache 69002 LYON (Francia)<\/p>\n<p>N\u00famero de tel\u00e9fono +33 (0)481 090 110<\/p>\n<p>Correo electr\u00f3nico : info (@) alinto.eu<\/p>\n<p>El usuario reconoce asimismo haber le\u00eddo el presente aviso legal y se compromete a respetarlo. La informaci\u00f3n facilitada por la empresa Alinto tiene car\u00e1cter meramente informativo. La sociedad Alinto no puede garantizar la exactitud, la exhaustividad, la actualidad de la informaci\u00f3n all\u00ed difundida ni la ausencia de errores tipogr\u00e1ficos.<\/p>\n<p>En consecuencia, el usuario reconoce que utiliza esta informaci\u00f3n bajo su exclusiva responsabilidad.<\/p>\n<p>De conformidad con las disposiciones de la ley francesa de 6 de enero de 1978 relativa a la inform\u00e1tica, los archivos y las libertades, el tratamiento automatizado de los datos nominativos efectuado en el sitio \u00abwww.alinto.com\u00bb ha sido declarado a la Commission Nationale de l&#8217;Informatique et des Libert\u00e9s (CNIL), que emiti\u00f3 un recibo con el n\u00famero 1035034 con fecha de 26 de julio de 2004.<\/p>\n<p>El usuario queda informado en particular de que, de conformidad con el art\u00edculo 27 de la ley Inform\u00e1tica, ficheros y libertades del 6 de enero de 1978, las informaciones proporcionadas por el usuario en los formularios presentes en el sitio web, son necesarias para responder a su solicitud y est\u00e1n destinadas a la sociedad Alinto, responsable del tratamiento a efectos de gesti\u00f3n administrativa y comercial y podr\u00edan, salvo oposici\u00f3n por parte del usuario interesado, ser comunicadas a los organismos de la sociedad Alinto.<\/p>\n<p>De conformidad con la ley n\u00b0 2000-719 del 1 de agosto de 2000, los datos de contacto declarados por el usuario podr\u00e1n ser comunicados a petici\u00f3n de las autoridades judiciales.<\/p>\n<p>Se informa al usuario de que dispone de un derecho de acceso y rectificaci\u00f3n sobre los datos que le conciernen dirigi\u00e9ndose por escrito al explotador del Sitio cuya direcci\u00f3n es la siguiente Alinto &#8211; Sitio Web &#8211; 19 quai Perrache 69002 LYON (Francia)<\/p>\n<p>Se informa al usuario de que, durante sus visitas al Sitio, puede instalarse autom\u00e1ticamente una cookie en su programa de navegaci\u00f3n.<\/p>\n<p>Una cookie es un bloque de datos que no permite identificar al usuario, pero que se utiliza para registrar informaci\u00f3n relativa a la navegaci\u00f3n del usuario en el sitio.<\/p>\n<p>La configuraci\u00f3n del software de navegaci\u00f3n le permite ser informado de la presencia de una cookie y, eventualmente, rechazarla.<\/p>\n<p>El usuario tiene derecho a acceder, retirar y modificar los datos personales comunicados a trav\u00e9s de cookies en las condiciones indicadas anteriormente.<\/p>\n<p>Los usuarios del sitio web \u00ab<a href=\"https:\/\/www.alinto.com\/es\/\">www.alinto.com<\/a>\u00bb est\u00e1n obligados a respetar las disposiciones de la ley relativa a la inform\u00e1tica, los archivos y las libertades, cuya violaci\u00f3n es susceptible de sanciones penales.<\/p>\n<p>Deben abstenerse, con respecto a la informaci\u00f3n nominativa a la que tienen acceso, de cualquier recogida, de cualquier uso indebido y, en general, de cualquier acto susceptible de atentar contra la vida privada o la reputaci\u00f3n de las personas.<\/p>\n<p>La estructura general, as\u00ed como el software, textos, im\u00e1genes animadas o no, sonidos, know-how&#8230;, y todos los dem\u00e1s elementos que componen el sitio son propiedad exclusiva de Alinto.<\/p>\n<p>Cualquier representaci\u00f3n total o parcial del Sitio por cualquier sociedad, sin la autorizaci\u00f3n expresa de Alinto est\u00e1 prohibida y constituir\u00eda una falsificaci\u00f3n sancionada por los art\u00edculos L.335-2 y siguientes del C\u00f3digo de la propiedad intelectual.<\/p>\n<p>Lo mismo se aplica a las bases de datos que figuran en el Sitio, que est\u00e1n protegidas por las disposiciones de la ley de 1 de julio de 1998 que transpone al C\u00f3digo de la propiedad intelectual la directiva europea de 11 de marzo de 1996 relativa a la protecci\u00f3n jur\u00eddica de las bases de datos.<\/p>\n<p>La marca \u00abAlinto\u00bb y el logotipo de la sociedad Alinto que aparecen en el Sitio est\u00e1n registrados.<\/p>\n<p>Toda reproducci\u00f3n total o parcial de las marcas o logotipos realizada a partir de los elementos del Sitio sin la autorizaci\u00f3n expresa de la sociedad Alinto est\u00e1 por lo tanto prohibida en el sentido del art\u00edculo L.713-2 del C\u00f3digo de la propiedad intelectual.<\/p>\n<p>Los enlaces de hipertexto establecidos en este Sitio hacia otros Sitios Web, y especialmente hacia sus socios, han sido objeto de una autorizaci\u00f3n previa, expresa y por escrito.<\/p>\n<p>Alinto hace todo lo posible por ofrecer a los usuarios informaci\u00f3n y\/o herramientas disponibles y verificadas, pero no se hace responsable de los errores, la falta de disponibilidad de la informaci\u00f3n y\/o la presencia de virus en el Sitio.<\/p>\n<p>Este Sitio Web puede incluir enlaces con otros Sitios Web. La empresa Alinto no ejerce ning\u00fan control sobre el funcionamiento de estos enlaces hacia sitios de Internet externos ni sobre el contenido de estos \u00faltimos. En consecuencia, el usuario acepta que su elecci\u00f3n de acceder a otro Sitio Web por medio de enlaces de hipertexto se realiza por su cuenta y riesgo y que, por tanto, cualquier da\u00f1o directo o indirecto derivado de su acceso a otro Sitio Web por medio de estos enlaces no podr\u00e1 comprometer la responsabilidad de Alinto.<\/p>\n<p>Aviso legal actualizado el 2024\/01<\/p>\n<p>&nbsp;<\/p>\n","protected":false},"excerpt":{"rendered":"<p>El sitio web https:\/\/www.alinto.es\u00a0 (en adelante, el \u00abSitio\u00bb) es publicado por Alinto Espa\u00f1a SL (NIF\/CIF: B67476028) (&#8230;)<\/p>\n","protected":false},"author":16,"featured_media":3517,"parent":0,"menu_order":10,"comment_status":"closed","ping_status":"closed","template":"page-simple.php","meta":{"_acf_changed":false,"inline_featured_image":false,"footnotes":""},"class_list":["post-14750","page","type-page","status-publish","has-post-thumbnail","hentry"],"acf":[],"yoast_head":"<!-- This site is optimized with the Yoast SEO plugin v27.3 - https:\/\/yoast.com\/product\/yoast-seo-wordpress\/ -->\n<title>Aviso Legal - Alinto<\/title>\n<meta name=\"robots\" content=\"index, follow, max-snippet:-1, max-image-preview:large, max-video-preview:-1\" \/>\n<link rel=\"canonical\" href=\"https:\/\/www.alinto.com\/es\/legal-notice\/\" \/>\n<meta property=\"og:locale\" content=\"es_ES\" \/>\n<meta property=\"og:type\" content=\"article\" \/>\n<meta property=\"og:title\" content=\"Aviso Legal - Alinto\" \/>\n<meta property=\"og:description\" content=\"El sitio web https:\/\/www.alinto.es\u00a0 (en adelante, el \u00abSitio\u00bb) es publicado por Alinto Espa\u00f1a SL (NIF\/CIF: B67476028) (...)\" \/>\n<meta property=\"og:url\" content=\"https:\/\/www.alinto.com\/es\/legal-notice\/\" \/>\n<meta property=\"og:site_name\" content=\"Alinto\" \/>\n<meta property=\"article:modified_time\" content=\"2026-01-12T10:20:33+00:00\" \/>\n<meta name=\"twitter:card\" content=\"summary_large_image\" \/>\n<meta name=\"twitter:label1\" content=\"Tiempo de lectura\" \/>\n\t<meta name=\"twitter:data1\" content=\"5 minutos\" \/>\n<script type=\"application\/ld+json\" class=\"yoast-schema-graph\">{\"@context\":\"https:\\\/\\\/schema.org\",\"@graph\":[{\"@type\":\"WebPage\",\"@id\":\"https:\\\/\\\/www.alinto.com\\\/es\\\/legal-notice\\\/\",\"url\":\"https:\\\/\\\/www.alinto.com\\\/es\\\/legal-notice\\\/\",\"name\":\"Aviso Legal - Alinto\",\"isPartOf\":{\"@id\":\"https:\\\/\\\/www.alinto.com\\\/es\\\/#website\"},\"primaryImageOfPage\":{\"@id\":\"https:\\\/\\\/www.alinto.com\\\/es\\\/legal-notice\\\/#primaryimage\"},\"image\":{\"@id\":\"https:\\\/\\\/www.alinto.com\\\/es\\\/legal-notice\\\/#primaryimage\"},\"thumbnailUrl\":\"https:\\\/\\\/www.alinto.com\\\/wp-content\\\/uploads\\\/2022\\\/02\\\/fond-header.svg\",\"datePublished\":\"2021-04-02T09:34:53+00:00\",\"dateModified\":\"2026-01-12T10:20:33+00:00\",\"breadcrumb\":{\"@id\":\"https:\\\/\\\/www.alinto.com\\\/es\\\/legal-notice\\\/#breadcrumb\"},\"inLanguage\":\"es\",\"potentialAction\":[{\"@type\":\"ReadAction\",\"target\":[\"https:\\\/\\\/www.alinto.com\\\/es\\\/legal-notice\\\/\"]}]},{\"@type\":\"ImageObject\",\"inLanguage\":\"es\",\"@id\":\"https:\\\/\\\/www.alinto.com\\\/es\\\/legal-notice\\\/#primaryimage\",\"url\":\"https:\\\/\\\/www.alinto.com\\\/wp-content\\\/uploads\\\/2022\\\/02\\\/fond-header.svg\",\"contentUrl\":\"https:\\\/\\\/www.alinto.com\\\/wp-content\\\/uploads\\\/2022\\\/02\\\/fond-header.svg\",\"width\":1920,\"height\":1080},{\"@type\":\"BreadcrumbList\",\"@id\":\"https:\\\/\\\/www.alinto.com\\\/es\\\/legal-notice\\\/#breadcrumb\",\"itemListElement\":[{\"@type\":\"ListItem\",\"position\":1,\"name\":\"Bienvenida\",\"item\":\"https:\\\/\\\/www.alinto.com\\\/es\\\/\"},{\"@type\":\"ListItem\",\"position\":2,\"name\":\"Aviso Legal\"}]},{\"@type\":\"WebSite\",\"@id\":\"https:\\\/\\\/www.alinto.com\\\/es\\\/#website\",\"url\":\"https:\\\/\\\/www.alinto.com\\\/es\\\/\",\"name\":\"Alinto\",\"description\":\"Soluciones de seguridad de correo electr\u00f3nico\",\"publisher\":{\"@id\":\"https:\\\/\\\/www.alinto.com\\\/es\\\/#organization\"},\"potentialAction\":[{\"@type\":\"SearchAction\",\"target\":{\"@type\":\"EntryPoint\",\"urlTemplate\":\"https:\\\/\\\/www.alinto.com\\\/es\\\/?s={search_term_string}\"},\"query-input\":{\"@type\":\"PropertyValueSpecification\",\"valueRequired\":true,\"valueName\":\"search_term_string\"}}],\"inLanguage\":\"es\"},{\"@type\":\"Organization\",\"@id\":\"https:\\\/\\\/www.alinto.com\\\/es\\\/#organization\",\"name\":\"Alinto\",\"url\":\"https:\\\/\\\/www.alinto.com\\\/es\\\/\",\"logo\":{\"@type\":\"ImageObject\",\"inLanguage\":\"es\",\"@id\":\"https:\\\/\\\/www.alinto.com\\\/es\\\/#\\\/schema\\\/logo\\\/image\\\/\",\"url\":\"https:\\\/\\\/www.alinto.com\\\/wp-content\\\/uploads\\\/2022\\\/04\\\/logo-alinto-1-1.svg\",\"contentUrl\":\"https:\\\/\\\/www.alinto.com\\\/wp-content\\\/uploads\\\/2022\\\/04\\\/logo-alinto-1-1.svg\",\"caption\":\"Alinto\"},\"image\":{\"@id\":\"https:\\\/\\\/www.alinto.com\\\/es\\\/#\\\/schema\\\/logo\\\/image\\\/\"}}]}<\/script>\n<!-- \/ Yoast SEO plugin. -->","yoast_head_json":{"title":"Aviso Legal - Alinto","robots":{"index":"index","follow":"follow","max-snippet":"max-snippet:-1","max-image-preview":"max-image-preview:large","max-video-preview":"max-video-preview:-1"},"canonical":"https:\/\/www.alinto.com\/es\/legal-notice\/","og_locale":"es_ES","og_type":"article","og_title":"Aviso Legal - Alinto","og_description":"El sitio web https:\/\/www.alinto.es\u00a0 (en adelante, el \u00abSitio\u00bb) es publicado por Alinto Espa\u00f1a SL (NIF\/CIF: B67476028) (...)","og_url":"https:\/\/www.alinto.com\/es\/legal-notice\/","og_site_name":"Alinto","article_modified_time":"2026-01-12T10:20:33+00:00","twitter_card":"summary_large_image","twitter_misc":{"Tiempo de lectura":"5 minutos"},"schema":{"@context":"https:\/\/schema.org","@graph":[{"@type":"WebPage","@id":"https:\/\/www.alinto.com\/es\/legal-notice\/","url":"https:\/\/www.alinto.com\/es\/legal-notice\/","name":"Aviso Legal - Alinto","isPartOf":{"@id":"https:\/\/www.alinto.com\/es\/#website"},"primaryImageOfPage":{"@id":"https:\/\/www.alinto.com\/es\/legal-notice\/#primaryimage"},"image":{"@id":"https:\/\/www.alinto.com\/es\/legal-notice\/#primaryimage"},"thumbnailUrl":"https:\/\/www.alinto.com\/wp-content\/uploads\/2022\/02\/fond-header.svg","datePublished":"2021-04-02T09:34:53+00:00","dateModified":"2026-01-12T10:20:33+00:00","breadcrumb":{"@id":"https:\/\/www.alinto.com\/es\/legal-notice\/#breadcrumb"},"inLanguage":"es","potentialAction":[{"@type":"ReadAction","target":["https:\/\/www.alinto.com\/es\/legal-notice\/"]}]},{"@type":"ImageObject","inLanguage":"es","@id":"https:\/\/www.alinto.com\/es\/legal-notice\/#primaryimage","url":"https:\/\/www.alinto.com\/wp-content\/uploads\/2022\/02\/fond-header.svg","contentUrl":"https:\/\/www.alinto.com\/wp-content\/uploads\/2022\/02\/fond-header.svg","width":1920,"height":1080},{"@type":"BreadcrumbList","@id":"https:\/\/www.alinto.com\/es\/legal-notice\/#breadcrumb","itemListElement":[{"@type":"ListItem","position":1,"name":"Bienvenida","item":"https:\/\/www.alinto.com\/es\/"},{"@type":"ListItem","position":2,"name":"Aviso Legal"}]},{"@type":"WebSite","@id":"https:\/\/www.alinto.com\/es\/#website","url":"https:\/\/www.alinto.com\/es\/","name":"Alinto","description":"Soluciones de seguridad de correo electr\u00f3nico","publisher":{"@id":"https:\/\/www.alinto.com\/es\/#organization"},"potentialAction":[{"@type":"SearchAction","target":{"@type":"EntryPoint","urlTemplate":"https:\/\/www.alinto.com\/es\/?s={search_term_string}"},"query-input":{"@type":"PropertyValueSpecification","valueRequired":true,"valueName":"search_term_string"}}],"inLanguage":"es"},{"@type":"Organization","@id":"https:\/\/www.alinto.com\/es\/#organization","name":"Alinto","url":"https:\/\/www.alinto.com\/es\/","logo":{"@type":"ImageObject","inLanguage":"es","@id":"https:\/\/www.alinto.com\/es\/#\/schema\/logo\/image\/","url":"https:\/\/www.alinto.com\/wp-content\/uploads\/2022\/04\/logo-alinto-1-1.svg","contentUrl":"https:\/\/www.alinto.com\/wp-content\/uploads\/2022\/04\/logo-alinto-1-1.svg","caption":"Alinto"},"image":{"@id":"https:\/\/www.alinto.com\/es\/#\/schema\/logo\/image\/"}}]}},"_links":{"self":[{"href":"https:\/\/www.alinto.com\/es\/wp-json\/wp\/v2\/pages\/14750","targetHints":{"allow":["GET"]}}],"collection":[{"href":"https:\/\/www.alinto.com\/es\/wp-json\/wp\/v2\/pages"}],"about":[{"href":"https:\/\/www.alinto.com\/es\/wp-json\/wp\/v2\/types\/page"}],"author":[{"embeddable":true,"href":"https:\/\/www.alinto.com\/es\/wp-json\/wp\/v2\/users\/16"}],"replies":[{"embeddable":true,"href":"https:\/\/www.alinto.com\/es\/wp-json\/wp\/v2\/comments?post=14750"}],"version-history":[{"count":0,"href":"https:\/\/www.alinto.com\/es\/wp-json\/wp\/v2\/pages\/14750\/revisions"}],"wp:featuredmedia":[{"embeddable":true,"href":"https:\/\/www.alinto.com\/es\/wp-json\/wp\/v2\/media\/3517"}],"wp:attachment":[{"href":"https:\/\/www.alinto.com\/es\/wp-json\/wp\/v2\/media?parent=14750"}],"curies":[{"name":"wp","href":"https:\/\/api.w.org\/{rel}","templated":true}]}}