{"id":14953,"date":"2022-03-08T11:04:18","date_gmt":"2022-03-08T10:04:18","guid":{"rendered":"https:\/\/www.alinto.com\/email-security-for-public-sector-healthcare\/"},"modified":"2025-07-16T11:38:13","modified_gmt":"2025-07-16T09:38:13","slug":"seguridad-email-sector-publico-salud","status":"publish","type":"page","link":"https:\/\/www.alinto.com\/es\/seguridad-email-sector-publico-salud\/","title":{"rendered":"Sector P\u00fablico y Sanidad"},"content":{"rendered":"","protected":false},"excerpt":{"rendered":"","protected":false},"author":16,"featured_media":0,"parent":0,"menu_order":2,"comment_status":"closed","ping_status":"closed","template":"","meta":{"_acf_changed":false,"inline_featured_image":false,"footnotes":""},"class_list":["post-14953","page","type-page","status-publish","hentry"],"acf":[],"yoast_head":"<!-- This site is optimized with the Yoast SEO plugin v27.3 - https:\/\/yoast.com\/product\/yoast-seo-wordpress\/ -->\n<title>Correo electr\u00f3nico para el sector p\u00fablico y sanidad<\/title>\n<meta name=\"description\" content=\"Alinto ofrece soluciones de correo electr\u00f3nico y seguridad que se adaptan perfectamente al sector p\u00fablico y a los servicios sanitarios.\" \/>\n<meta name=\"robots\" content=\"index, follow, max-snippet:-1, max-image-preview:large, max-video-preview:-1\" \/>\n<link rel=\"canonical\" href=\"https:\/\/www.alinto.com\/es\/seguridad-email-sector-publico-salud\/\" \/>\n<meta property=\"og:locale\" content=\"es_ES\" \/>\n<meta property=\"og:type\" content=\"article\" \/>\n<meta property=\"og:title\" content=\"Correo electr\u00f3nico para el sector p\u00fablico y sanidad\" \/>\n<meta property=\"og:description\" content=\"Alinto ofrece soluciones de correo electr\u00f3nico y seguridad que se adaptan perfectamente al sector p\u00fablico y a los servicios sanitarios.\" \/>\n<meta property=\"og:url\" content=\"https:\/\/www.alinto.com\/es\/seguridad-email-sector-publico-salud\/\" \/>\n<meta property=\"og:site_name\" content=\"Alinto\" \/>\n<meta property=\"article:modified_time\" content=\"2025-07-16T09:38:13+00:00\" \/>\n<meta name=\"twitter:card\" content=\"summary_large_image\" \/>\n<script type=\"application\/ld+json\" class=\"yoast-schema-graph\">{\"@context\":\"https:\\\/\\\/schema.org\",\"@graph\":[{\"@type\":\"WebPage\",\"@id\":\"https:\\\/\\\/www.alinto.com\\\/es\\\/seguridad-email-sector-publico-salud\\\/\",\"url\":\"https:\\\/\\\/www.alinto.com\\\/es\\\/seguridad-email-sector-publico-salud\\\/\",\"name\":\"Correo electr\u00f3nico para el sector p\u00fablico y sanidad\",\"isPartOf\":{\"@id\":\"https:\\\/\\\/www.alinto.com\\\/es\\\/#website\"},\"datePublished\":\"2022-03-08T10:04:18+00:00\",\"dateModified\":\"2025-07-16T09:38:13+00:00\",\"description\":\"Alinto ofrece soluciones de correo electr\u00f3nico y seguridad que se adaptan perfectamente al sector p\u00fablico y a los servicios sanitarios.\",\"breadcrumb\":{\"@id\":\"https:\\\/\\\/www.alinto.com\\\/es\\\/seguridad-email-sector-publico-salud\\\/#breadcrumb\"},\"inLanguage\":\"es\",\"potentialAction\":[{\"@type\":\"ReadAction\",\"target\":[\"https:\\\/\\\/www.alinto.com\\\/es\\\/seguridad-email-sector-publico-salud\\\/\"]}]},{\"@type\":\"BreadcrumbList\",\"@id\":\"https:\\\/\\\/www.alinto.com\\\/es\\\/seguridad-email-sector-publico-salud\\\/#breadcrumb\",\"itemListElement\":[{\"@type\":\"ListItem\",\"position\":1,\"name\":\"Bienvenida\",\"item\":\"https:\\\/\\\/www.alinto.com\\\/es\\\/\"},{\"@type\":\"ListItem\",\"position\":2,\"name\":\"Sector P\u00fablico y Sanidad\"}]},{\"@type\":\"WebSite\",\"@id\":\"https:\\\/\\\/www.alinto.com\\\/es\\\/#website\",\"url\":\"https:\\\/\\\/www.alinto.com\\\/es\\\/\",\"name\":\"Alinto\",\"description\":\"Soluciones de seguridad de correo electr\u00f3nico\",\"publisher\":{\"@id\":\"https:\\\/\\\/www.alinto.com\\\/es\\\/#organization\"},\"potentialAction\":[{\"@type\":\"SearchAction\",\"target\":{\"@type\":\"EntryPoint\",\"urlTemplate\":\"https:\\\/\\\/www.alinto.com\\\/es\\\/?s={search_term_string}\"},\"query-input\":{\"@type\":\"PropertyValueSpecification\",\"valueRequired\":true,\"valueName\":\"search_term_string\"}}],\"inLanguage\":\"es\"},{\"@type\":\"Organization\",\"@id\":\"https:\\\/\\\/www.alinto.com\\\/es\\\/#organization\",\"name\":\"Alinto\",\"url\":\"https:\\\/\\\/www.alinto.com\\\/es\\\/\",\"logo\":{\"@type\":\"ImageObject\",\"inLanguage\":\"es\",\"@id\":\"https:\\\/\\\/www.alinto.com\\\/es\\\/#\\\/schema\\\/logo\\\/image\\\/\",\"url\":\"https:\\\/\\\/www.alinto.com\\\/wp-content\\\/uploads\\\/2022\\\/04\\\/logo-alinto-1-1.svg\",\"contentUrl\":\"https:\\\/\\\/www.alinto.com\\\/wp-content\\\/uploads\\\/2022\\\/04\\\/logo-alinto-1-1.svg\",\"caption\":\"Alinto\"},\"image\":{\"@id\":\"https:\\\/\\\/www.alinto.com\\\/es\\\/#\\\/schema\\\/logo\\\/image\\\/\"}}]}<\/script>\n<!-- \/ Yoast SEO plugin. -->","yoast_head_json":{"title":"Correo electr\u00f3nico para el sector p\u00fablico y sanidad","description":"Alinto ofrece soluciones de correo electr\u00f3nico y seguridad que se adaptan perfectamente al sector p\u00fablico y a los servicios sanitarios.","robots":{"index":"index","follow":"follow","max-snippet":"max-snippet:-1","max-image-preview":"max-image-preview:large","max-video-preview":"max-video-preview:-1"},"canonical":"https:\/\/www.alinto.com\/es\/seguridad-email-sector-publico-salud\/","og_locale":"es_ES","og_type":"article","og_title":"Correo electr\u00f3nico para el sector p\u00fablico y sanidad","og_description":"Alinto ofrece soluciones de correo electr\u00f3nico y seguridad que se adaptan perfectamente al sector p\u00fablico y a los servicios sanitarios.","og_url":"https:\/\/www.alinto.com\/es\/seguridad-email-sector-publico-salud\/","og_site_name":"Alinto","article_modified_time":"2025-07-16T09:38:13+00:00","twitter_card":"summary_large_image","schema":{"@context":"https:\/\/schema.org","@graph":[{"@type":"WebPage","@id":"https:\/\/www.alinto.com\/es\/seguridad-email-sector-publico-salud\/","url":"https:\/\/www.alinto.com\/es\/seguridad-email-sector-publico-salud\/","name":"Correo electr\u00f3nico para el sector p\u00fablico y sanidad","isPartOf":{"@id":"https:\/\/www.alinto.com\/es\/#website"},"datePublished":"2022-03-08T10:04:18+00:00","dateModified":"2025-07-16T09:38:13+00:00","description":"Alinto ofrece soluciones de correo electr\u00f3nico y seguridad que se adaptan perfectamente al sector p\u00fablico y a los servicios sanitarios.","breadcrumb":{"@id":"https:\/\/www.alinto.com\/es\/seguridad-email-sector-publico-salud\/#breadcrumb"},"inLanguage":"es","potentialAction":[{"@type":"ReadAction","target":["https:\/\/www.alinto.com\/es\/seguridad-email-sector-publico-salud\/"]}]},{"@type":"BreadcrumbList","@id":"https:\/\/www.alinto.com\/es\/seguridad-email-sector-publico-salud\/#breadcrumb","itemListElement":[{"@type":"ListItem","position":1,"name":"Bienvenida","item":"https:\/\/www.alinto.com\/es\/"},{"@type":"ListItem","position":2,"name":"Sector P\u00fablico y Sanidad"}]},{"@type":"WebSite","@id":"https:\/\/www.alinto.com\/es\/#website","url":"https:\/\/www.alinto.com\/es\/","name":"Alinto","description":"Soluciones de seguridad de correo electr\u00f3nico","publisher":{"@id":"https:\/\/www.alinto.com\/es\/#organization"},"potentialAction":[{"@type":"SearchAction","target":{"@type":"EntryPoint","urlTemplate":"https:\/\/www.alinto.com\/es\/?s={search_term_string}"},"query-input":{"@type":"PropertyValueSpecification","valueRequired":true,"valueName":"search_term_string"}}],"inLanguage":"es"},{"@type":"Organization","@id":"https:\/\/www.alinto.com\/es\/#organization","name":"Alinto","url":"https:\/\/www.alinto.com\/es\/","logo":{"@type":"ImageObject","inLanguage":"es","@id":"https:\/\/www.alinto.com\/es\/#\/schema\/logo\/image\/","url":"https:\/\/www.alinto.com\/wp-content\/uploads\/2022\/04\/logo-alinto-1-1.svg","contentUrl":"https:\/\/www.alinto.com\/wp-content\/uploads\/2022\/04\/logo-alinto-1-1.svg","caption":"Alinto"},"image":{"@id":"https:\/\/www.alinto.com\/es\/#\/schema\/logo\/image\/"}}]}},"_links":{"self":[{"href":"https:\/\/www.alinto.com\/es\/wp-json\/wp\/v2\/pages\/14953","targetHints":{"allow":["GET"]}}],"collection":[{"href":"https:\/\/www.alinto.com\/es\/wp-json\/wp\/v2\/pages"}],"about":[{"href":"https:\/\/www.alinto.com\/es\/wp-json\/wp\/v2\/types\/page"}],"author":[{"embeddable":true,"href":"https:\/\/www.alinto.com\/es\/wp-json\/wp\/v2\/users\/16"}],"replies":[{"embeddable":true,"href":"https:\/\/www.alinto.com\/es\/wp-json\/wp\/v2\/comments?post=14953"}],"version-history":[{"count":0,"href":"https:\/\/www.alinto.com\/es\/wp-json\/wp\/v2\/pages\/14953\/revisions"}],"wp:attachment":[{"href":"https:\/\/www.alinto.com\/es\/wp-json\/wp\/v2\/media?parent=14953"}],"curies":[{"name":"wp","href":"https:\/\/api.w.org\/{rel}","templated":true}]}}