{"id":14749,"date":"2021-04-02T11:34:53","date_gmt":"2021-04-02T09:34:53","guid":{"rendered":"https:\/\/www.alinto.com\/legal-notice\/"},"modified":"2026-01-12T11:20:10","modified_gmt":"2026-01-12T10:20:10","slug":"legal-notice","status":"publish","type":"page","link":"https:\/\/www.alinto.com\/fr\/legal-notice\/","title":{"rendered":"Mentions L\u00e9gales"},"content":{"rendered":"<p>Le site web\u00a0<a href=\"https:\/\/www.alinto.com\/fr\/\"><strong>https:\/\/www.alinto.com<\/strong><\/a>\u00a0(ci-apr\u00e8s le \u00ab site \u00bb) est \u00e9dit\u00e9 par<\/p>\n<p>Alinto, Soci\u00e9t\u00e9 Anonyme \u00e0 Conseil d\u2019Administration au capital de 2 045 860 euros, immatricul\u00e9e au Registre du Commerce et des Soci\u00e9t\u00e9s aupr\u00e8s du Tribunal de Commerce de Lyon sous le n\u00b0 823678255<\/p>\n<p>Si\u00e8ge social : Alinto<br \/>\n19 quai Perrache 69002 LYON (France)<br \/>\nDirecteur de la publication : Rodolphe Fr\u00e9ring<br \/>\nN\u00b0 de t\u00e9l\u00e9phone: +33 (0)481 090 110<br \/>\nE-mail : info (@) alinto.eu<\/p>\n<p>Le site est h\u00e9berg\u00e9 par : Alinto<br \/>\n19 quai Perrache 69002 LYON (France)<br \/>\nN\u00b0 de t\u00e9l\u00e9phone: +33 (0)481 090 110<br \/>\nE-mail : info (@) alinto.eu<\/p>\n<p>L\u2019utilisateur reconna\u00eet \u00e9galement avoir pris connaissance de la pr\u00e9sente notice l\u00e9gale et s\u2019engage \u00e0 la respecter. Les informations fournies par la soci\u00e9t\u00e9 Alinto le sont \u00e0 titre indicatif. La soci\u00e9t\u00e9 Alinto ne saurait garantir l\u2019exactitude, la compl\u00e9tude, l\u2019actualit\u00e9 des informations qui y sont diffus\u00e9es ou l\u2019absence d\u2019erreurs de frappe.<\/p>\n<p>En cons\u00e9quence, l\u2019utilisateur reconna\u00eet utiliser ces informations sous sa responsabilit\u00e9 exclusive.<\/p>\n<p>En conformit\u00e9 avec les dispositions de la loi 6 janvier 1978 relative \u00e0 l\u2019informatique, aux fichiers et aux libert\u00e9s, le traitement automatis\u00e9 des donn\u00e9es nominatives r\u00e9alis\u00e9 \u00e0 partir du site \u00ab www.alinto.com \u00bb a fait l\u2019objet d\u2019une d\u00e9claration aupr\u00e8s de la Commission Nationale de l\u2019Informatique et des Libert\u00e9s (CNIL) qui a d\u00e9livr\u00e9 un r\u00e9c\u00e9piss\u00e9 sous le num\u00e9ro 1035034 en date du 26 juillet 2004.<\/p>\n<p>L\u2019utilisateur est notamment inform\u00e9 que, conform\u00e9ment \u00e0 l\u2019article 27 de la loi Informatique, fichiers et libert\u00e9s du 6 janvier 1978, les informations communiqu\u00e9es par l\u2019utilisateur du fait des formulaires pr\u00e9sents sur le Site, sont n\u00e9cessaires pour r\u00e9pondre \u00e0 sa demande et sont destin\u00e9s \u00e0 la soci\u00e9t\u00e9 Alinto, responsable du traitement \u00e0 des fins de gestion administrative et commerciale et pourront, sauf opposition de la part de l\u2019utilisateur concern\u00e9, \u00eatre communiqu\u00e9es aux agences de la soci\u00e9t\u00e9 Alinto.<\/p>\n<p>En vertu de la loi n\u00b0 2000-719 du 1er ao\u00fbt 2000, les coordonn\u00e9es d\u00e9clar\u00e9es par l\u2019utilisateur pourront \u00eatre communiqu\u00e9es sur r\u00e9quisition des autorit\u00e9s judiciaires.<\/p>\n<p>L\u2019utilisateur est inform\u00e9 qu\u2019il dispose d\u2019un droit d\u2019acc\u00e8s et de rectification portant sur les donn\u00e9es le concernant en \u00e9crivant \u00e0 l\u2019exploitant du Site dont l\u2019adresse est la suivante : Alinto \u2013 Site Web \u2013 19 quai Perrache 69002 LYON (France)<br \/>\nL\u2019utilisateur est inform\u00e9 que, lors de ses visites sur le site, un cookie peut s\u2019installer automatiquement sur son logiciel de navigation.<\/p>\n<p>Le cookie est un bloc de donn\u00e9es qui ne permet pas d\u2019identifier les utilisateurs mais sert \u00e0 enregistrer des informations relatives \u00e0 la navigation de celui-ci sur le site.<\/p>\n<p>Le param\u00e9trage du logiciel de navigation permet d\u2019informer de la pr\u00e9sence de cookie et \u00e9ventuellement de la refuser.<\/p>\n<p>L\u2019utilisateur dispose d\u2019un droit d\u2019acc\u00e8s, de retrait et de modification des donn\u00e9es personnelles communiqu\u00e9es par le biais des cookies dans les conditions indiqu\u00e9es ci-dessus.<\/p>\n<p>Les utilisateurs du site web \u00ab www.alinto.com \u00bb sont tenus de respecter les dispositions de la loi relative \u00e0 l\u2019informatique, aux fichiers et aux libert\u00e9s, dont la violation est passible de sanctions p\u00e9nales.<\/p>\n<p>Ils doivent notamment s\u2019abstenir, s\u2019agissant des informations nominatives auxquelles ils acc\u00e8dent, de toute collecte, de toute utilisation d\u00e9tourn\u00e9e et, d\u2019une mani\u00e8re g\u00e9n\u00e9rale, de tout acte susceptible de porter atteinte \u00e0 la vie priv\u00e9e ou la r\u00e9putation des personnes.<\/p>\n<p>La structure g\u00e9n\u00e9rale, ainsi que les logiciels, textes, images anim\u00e9es ou non, sons, savoir-faire\u2026, et tous les autres \u00e9l\u00e9ments composant le site sont la propri\u00e9t\u00e9 exclusive de la soci\u00e9t\u00e9 Alinto.<\/p>\n<p>Toute repr\u00e9sentation totale ou partielle du site par quelque soci\u00e9t\u00e9 que ce soit, sans l\u2019autorisation expresse de la soci\u00e9t\u00e9 Alinto est interdite et constituerait une contrefa\u00e7on sanctionn\u00e9e par les articles L.335-2 et suivant du Code de la propri\u00e9t\u00e9 intellectuelle.<\/p>\n<p>Il est en de m\u00eame des bases de donn\u00e9es figurant, le cas \u00e9ch\u00e9ant, sur le site, qui sont prot\u00e9g\u00e9es par les dispositions de la loi du 1 juillet 1998 portant transposition dans le Code de la propri\u00e9t\u00e9 intellectuelle de la directive europ\u00e9enne du 11 mars 1996 relative \u00e0 la protection juridique des bases de donn\u00e9es.<\/p>\n<p>La marque \u00ab Alinto \u00bb et le logo de la soci\u00e9t\u00e9 Alinto figurant sur le site sont d\u00e9pos\u00e9s.<\/p>\n<p>Toute reproduction totale ou partielle des marques ou logos effectu\u00e9s \u00e0 partir des \u00e9l\u00e9ments du site sans l\u2019autorisation expresse de la soci\u00e9t\u00e9 Alinto est donc interdite au sens de l\u2019article L.713-2 du Code de la propri\u00e9t\u00e9 intellectuelle.<\/p>\n<p>Les liens hypertextes mis en place sur ce site vers d\u2019autres sites, et notamment vers ses partenaires, ont fait l\u2019objet d\u2019une autorisation pr\u00e9alable, expresse et \u00e9crite.<\/p>\n<p>La soci\u00e9t\u00e9 Alinto met tout en \u0153uvre pour offrir aux utilisateurs des informations et\/ou outils disponibles et v\u00e9rifi\u00e9s mais ne saurait \u00eatre tenue pour responsable des erreurs, d\u2019une absence de disponibilit\u00e9 des informations et\/ou de la pr\u00e9sence de virus sur le site.<\/p>\n<p>Ce site peut comporter des liens avec d\u2019autres sites. La soci\u00e9t\u00e9 Alinto n\u2019exerce aucun contr\u00f4le quant au fonctionnement de ces liens vers des sites Internet ext\u00e9rieurs et quant au contenu de ces derniers. En cons\u00e9quent, l\u2019utilisateur accepte que son choix d\u2019acc\u00e9der \u00e0 un autre site par l\u2019interm\u00e9diaire de liens hypertextes s\u2019effectue \u00e0 ses risques et p\u00e9rils et que donc tout pr\u00e9judice direct ou indirect r\u00e9sultant de son acc\u00e8s \u00e0 un autre site par ces liens ne saurait engager la responsabilit\u00e9 d\u2019Alinto.<\/p>\n<p>Mentions l\u00e9gales mises \u00e0 jour le 05\/01\/2025<\/p>\n<p>&nbsp;<\/p>\n<h3>Gtec<\/h3>\n<p><a href=\"https:\/\/www.cabinet-gtec.fr\/\" target=\"_blank\" rel=\"noopener\">Cabinet-gtec.fr<\/a><br \/>\nAdresse : 9, quai Cr\u00e9qui<br \/>\n38000 Grenoble (France)<br \/>\nT\u00e9l\u00e9phone : +33 4 56 40 67 26<\/p>\n","protected":false},"excerpt":{"rendered":"<p>Le site web\u00a0https:\/\/www.alinto.com\u00a0(ci-apr\u00e8s le \u00ab site \u00bb) est \u00e9dit\u00e9 par<br \/>\nAlinto, Soci\u00e9t\u00e9 Anonyme \u00e0 Conseil d\u2019Administration au (&#8230;)<\/p>\n","protected":false},"author":16,"featured_media":2758,"parent":0,"menu_order":10,"comment_status":"closed","ping_status":"closed","template":"page-simple.php","meta":{"_acf_changed":false,"inline_featured_image":false,"footnotes":""},"class_list":["post-14749","page","type-page","status-publish","has-post-thumbnail","hentry"],"acf":[],"yoast_head":"<!-- This site is optimized with the Yoast SEO plugin v27.3 - https:\/\/yoast.com\/product\/yoast-seo-wordpress\/ -->\n<title>Mentions L\u00e9gales - Alinto<\/title>\n<meta name=\"robots\" content=\"index, follow, max-snippet:-1, max-image-preview:large, max-video-preview:-1\" \/>\n<link rel=\"canonical\" href=\"https:\/\/www.alinto.com\/fr\/legal-notice\/\" \/>\n<meta property=\"og:locale\" content=\"fr_FR\" \/>\n<meta property=\"og:type\" content=\"article\" \/>\n<meta property=\"og:title\" content=\"Mentions L\u00e9gales - Alinto\" \/>\n<meta property=\"og:description\" content=\"Le site web\u00a0https:\/\/www.alinto.com\u00a0(ci-apr\u00e8s le \u00ab site \u00bb) est \u00e9dit\u00e9 par Alinto, Soci\u00e9t\u00e9 Anonyme \u00e0 Conseil d\u2019Administration au (...)\" \/>\n<meta property=\"og:url\" content=\"https:\/\/www.alinto.com\/fr\/legal-notice\/\" \/>\n<meta property=\"og:site_name\" content=\"Alinto\" \/>\n<meta property=\"article:modified_time\" content=\"2026-01-12T10:20:10+00:00\" \/>\n<meta name=\"twitter:card\" content=\"summary_large_image\" \/>\n<meta name=\"twitter:label1\" content=\"Dur\u00e9e de lecture estim\u00e9e\" \/>\n\t<meta name=\"twitter:data1\" content=\"5 minutes\" \/>\n<script type=\"application\/ld+json\" class=\"yoast-schema-graph\">{\"@context\":\"https:\\\/\\\/schema.org\",\"@graph\":[{\"@type\":\"WebPage\",\"@id\":\"https:\\\/\\\/www.alinto.com\\\/fr\\\/legal-notice\\\/\",\"url\":\"https:\\\/\\\/www.alinto.com\\\/fr\\\/legal-notice\\\/\",\"name\":\"Mentions L\u00e9gales - Alinto\",\"isPartOf\":{\"@id\":\"https:\\\/\\\/www.alinto.com\\\/fr\\\/#website\"},\"primaryImageOfPage\":{\"@id\":\"https:\\\/\\\/www.alinto.com\\\/fr\\\/legal-notice\\\/#primaryimage\"},\"image\":{\"@id\":\"https:\\\/\\\/www.alinto.com\\\/fr\\\/legal-notice\\\/#primaryimage\"},\"thumbnailUrl\":\"https:\\\/\\\/www.alinto.com\\\/wp-content\\\/uploads\\\/2022\\\/02\\\/fond-header.svg\",\"datePublished\":\"2021-04-02T09:34:53+00:00\",\"dateModified\":\"2026-01-12T10:20:10+00:00\",\"breadcrumb\":{\"@id\":\"https:\\\/\\\/www.alinto.com\\\/fr\\\/legal-notice\\\/#breadcrumb\"},\"inLanguage\":\"fr-FR\",\"potentialAction\":[{\"@type\":\"ReadAction\",\"target\":[\"https:\\\/\\\/www.alinto.com\\\/fr\\\/legal-notice\\\/\"]}]},{\"@type\":\"ImageObject\",\"inLanguage\":\"fr-FR\",\"@id\":\"https:\\\/\\\/www.alinto.com\\\/fr\\\/legal-notice\\\/#primaryimage\",\"url\":\"https:\\\/\\\/www.alinto.com\\\/wp-content\\\/uploads\\\/2022\\\/02\\\/fond-header.svg\",\"contentUrl\":\"https:\\\/\\\/www.alinto.com\\\/wp-content\\\/uploads\\\/2022\\\/02\\\/fond-header.svg\",\"width\":1920,\"height\":1080},{\"@type\":\"BreadcrumbList\",\"@id\":\"https:\\\/\\\/www.alinto.com\\\/fr\\\/legal-notice\\\/#breadcrumb\",\"itemListElement\":[{\"@type\":\"ListItem\",\"position\":1,\"name\":\"Accueil\",\"item\":\"https:\\\/\\\/www.alinto.com\\\/fr\\\/\"},{\"@type\":\"ListItem\",\"position\":2,\"name\":\"Mentions L\u00e9gales\"}]},{\"@type\":\"WebSite\",\"@id\":\"https:\\\/\\\/www.alinto.com\\\/fr\\\/#website\",\"url\":\"https:\\\/\\\/www.alinto.com\\\/fr\\\/\",\"name\":\"Alinto\",\"description\":\"Solutions email &amp; securit\u00e9 email\",\"publisher\":{\"@id\":\"https:\\\/\\\/www.alinto.com\\\/fr\\\/#organization\"},\"potentialAction\":[{\"@type\":\"SearchAction\",\"target\":{\"@type\":\"EntryPoint\",\"urlTemplate\":\"https:\\\/\\\/www.alinto.com\\\/fr\\\/?s={search_term_string}\"},\"query-input\":{\"@type\":\"PropertyValueSpecification\",\"valueRequired\":true,\"valueName\":\"search_term_string\"}}],\"inLanguage\":\"fr-FR\"},{\"@type\":\"Organization\",\"@id\":\"https:\\\/\\\/www.alinto.com\\\/fr\\\/#organization\",\"name\":\"Alinto\",\"url\":\"https:\\\/\\\/www.alinto.com\\\/fr\\\/\",\"logo\":{\"@type\":\"ImageObject\",\"inLanguage\":\"fr-FR\",\"@id\":\"https:\\\/\\\/www.alinto.com\\\/fr\\\/#\\\/schema\\\/logo\\\/image\\\/\",\"url\":\"https:\\\/\\\/www.alinto.com\\\/wp-content\\\/uploads\\\/2022\\\/04\\\/logo-alinto-1-1.svg\",\"contentUrl\":\"https:\\\/\\\/www.alinto.com\\\/wp-content\\\/uploads\\\/2022\\\/04\\\/logo-alinto-1-1.svg\",\"caption\":\"Alinto\"},\"image\":{\"@id\":\"https:\\\/\\\/www.alinto.com\\\/fr\\\/#\\\/schema\\\/logo\\\/image\\\/\"}}]}<\/script>\n<!-- \/ Yoast SEO plugin. -->","yoast_head_json":{"title":"Mentions L\u00e9gales - Alinto","robots":{"index":"index","follow":"follow","max-snippet":"max-snippet:-1","max-image-preview":"max-image-preview:large","max-video-preview":"max-video-preview:-1"},"canonical":"https:\/\/www.alinto.com\/fr\/legal-notice\/","og_locale":"fr_FR","og_type":"article","og_title":"Mentions L\u00e9gales - Alinto","og_description":"Le site web\u00a0https:\/\/www.alinto.com\u00a0(ci-apr\u00e8s le \u00ab site \u00bb) est \u00e9dit\u00e9 par Alinto, Soci\u00e9t\u00e9 Anonyme \u00e0 Conseil d\u2019Administration au (...)","og_url":"https:\/\/www.alinto.com\/fr\/legal-notice\/","og_site_name":"Alinto","article_modified_time":"2026-01-12T10:20:10+00:00","twitter_card":"summary_large_image","twitter_misc":{"Dur\u00e9e de lecture estim\u00e9e":"5 minutes"},"schema":{"@context":"https:\/\/schema.org","@graph":[{"@type":"WebPage","@id":"https:\/\/www.alinto.com\/fr\/legal-notice\/","url":"https:\/\/www.alinto.com\/fr\/legal-notice\/","name":"Mentions L\u00e9gales - Alinto","isPartOf":{"@id":"https:\/\/www.alinto.com\/fr\/#website"},"primaryImageOfPage":{"@id":"https:\/\/www.alinto.com\/fr\/legal-notice\/#primaryimage"},"image":{"@id":"https:\/\/www.alinto.com\/fr\/legal-notice\/#primaryimage"},"thumbnailUrl":"https:\/\/www.alinto.com\/wp-content\/uploads\/2022\/02\/fond-header.svg","datePublished":"2021-04-02T09:34:53+00:00","dateModified":"2026-01-12T10:20:10+00:00","breadcrumb":{"@id":"https:\/\/www.alinto.com\/fr\/legal-notice\/#breadcrumb"},"inLanguage":"fr-FR","potentialAction":[{"@type":"ReadAction","target":["https:\/\/www.alinto.com\/fr\/legal-notice\/"]}]},{"@type":"ImageObject","inLanguage":"fr-FR","@id":"https:\/\/www.alinto.com\/fr\/legal-notice\/#primaryimage","url":"https:\/\/www.alinto.com\/wp-content\/uploads\/2022\/02\/fond-header.svg","contentUrl":"https:\/\/www.alinto.com\/wp-content\/uploads\/2022\/02\/fond-header.svg","width":1920,"height":1080},{"@type":"BreadcrumbList","@id":"https:\/\/www.alinto.com\/fr\/legal-notice\/#breadcrumb","itemListElement":[{"@type":"ListItem","position":1,"name":"Accueil","item":"https:\/\/www.alinto.com\/fr\/"},{"@type":"ListItem","position":2,"name":"Mentions L\u00e9gales"}]},{"@type":"WebSite","@id":"https:\/\/www.alinto.com\/fr\/#website","url":"https:\/\/www.alinto.com\/fr\/","name":"Alinto","description":"Solutions email &amp; securit\u00e9 email","publisher":{"@id":"https:\/\/www.alinto.com\/fr\/#organization"},"potentialAction":[{"@type":"SearchAction","target":{"@type":"EntryPoint","urlTemplate":"https:\/\/www.alinto.com\/fr\/?s={search_term_string}"},"query-input":{"@type":"PropertyValueSpecification","valueRequired":true,"valueName":"search_term_string"}}],"inLanguage":"fr-FR"},{"@type":"Organization","@id":"https:\/\/www.alinto.com\/fr\/#organization","name":"Alinto","url":"https:\/\/www.alinto.com\/fr\/","logo":{"@type":"ImageObject","inLanguage":"fr-FR","@id":"https:\/\/www.alinto.com\/fr\/#\/schema\/logo\/image\/","url":"https:\/\/www.alinto.com\/wp-content\/uploads\/2022\/04\/logo-alinto-1-1.svg","contentUrl":"https:\/\/www.alinto.com\/wp-content\/uploads\/2022\/04\/logo-alinto-1-1.svg","caption":"Alinto"},"image":{"@id":"https:\/\/www.alinto.com\/fr\/#\/schema\/logo\/image\/"}}]}},"_links":{"self":[{"href":"https:\/\/www.alinto.com\/fr\/wp-json\/wp\/v2\/pages\/14749","targetHints":{"allow":["GET"]}}],"collection":[{"href":"https:\/\/www.alinto.com\/fr\/wp-json\/wp\/v2\/pages"}],"about":[{"href":"https:\/\/www.alinto.com\/fr\/wp-json\/wp\/v2\/types\/page"}],"author":[{"embeddable":true,"href":"https:\/\/www.alinto.com\/fr\/wp-json\/wp\/v2\/users\/16"}],"replies":[{"embeddable":true,"href":"https:\/\/www.alinto.com\/fr\/wp-json\/wp\/v2\/comments?post=14749"}],"version-history":[{"count":0,"href":"https:\/\/www.alinto.com\/fr\/wp-json\/wp\/v2\/pages\/14749\/revisions"}],"wp:featuredmedia":[{"embeddable":true,"href":"https:\/\/www.alinto.com\/fr\/wp-json\/wp\/v2\/media\/2758"}],"wp:attachment":[{"href":"https:\/\/www.alinto.com\/fr\/wp-json\/wp\/v2\/media?parent=14749"}],"curies":[{"name":"wp","href":"https:\/\/api.w.org\/{rel}","templated":true}]}}