{"id":14955,"date":"2022-03-08T11:04:27","date_gmt":"2022-03-08T10:04:27","guid":{"rendered":"https:\/\/www.alinto.com\/email-security-for-service-providers\/"},"modified":"2025-07-16T11:32:13","modified_gmt":"2025-07-16T09:32:13","slug":"services-email-pour-msp-isp","status":"publish","type":"page","link":"https:\/\/www.alinto.com\/fr\/services-email-pour-msp-isp\/","title":{"rendered":"Op\u00e9rateurs de services"},"content":{"rendered":"","protected":false},"excerpt":{"rendered":"","protected":false},"author":16,"featured_media":0,"parent":0,"menu_order":2,"comment_status":"closed","ping_status":"closed","template":"","meta":{"_acf_changed":false,"inline_featured_image":false,"footnotes":""},"class_list":["post-14955","page","type-page","status-publish","hentry"],"acf":[],"yoast_head":"<!-- This site is optimized with the Yoast SEO plugin v27.4 - https:\/\/yoast.com\/product\/yoast-seo-wordpress\/ -->\n<title>Solution email ISP et MPS : Cleanmail, SoGomail, Serenamail<\/title>\n<meta name=\"description\" content=\"Alinto fournit des solutions de messagerie et de s\u00e9curit\u00e9 des e-mails adapt\u00e9s aux besoins des ISP et MSP. D\u00e9couvrez Cleanmail, SoGomail, Serenamail.\" \/>\n<meta name=\"robots\" content=\"index, follow, max-snippet:-1, max-image-preview:large, max-video-preview:-1\" \/>\n<link rel=\"canonical\" href=\"https:\/\/www.alinto.com\/fr\/services-email-pour-msp-isp\/\" \/>\n<meta property=\"og:locale\" content=\"fr_FR\" \/>\n<meta property=\"og:type\" content=\"article\" \/>\n<meta property=\"og:title\" content=\"Solution email ISP et MPS : Cleanmail, SoGomail, Serenamail\" \/>\n<meta property=\"og:description\" content=\"Alinto fournit des solutions de messagerie et de s\u00e9curit\u00e9 des e-mails adapt\u00e9s aux besoins des ISP et MSP. D\u00e9couvrez Cleanmail, SoGomail, Serenamail.\" \/>\n<meta property=\"og:url\" content=\"https:\/\/www.alinto.com\/fr\/services-email-pour-msp-isp\/\" \/>\n<meta property=\"og:site_name\" content=\"Alinto\" \/>\n<meta property=\"article:modified_time\" content=\"2025-07-16T09:32:13+00:00\" \/>\n<meta name=\"twitter:card\" content=\"summary_large_image\" \/>\n<script type=\"application\/ld+json\" class=\"yoast-schema-graph\">{\"@context\":\"https:\\\/\\\/schema.org\",\"@graph\":[{\"@type\":\"WebPage\",\"@id\":\"https:\\\/\\\/www.alinto.com\\\/fr\\\/services-email-pour-msp-isp\\\/\",\"url\":\"https:\\\/\\\/www.alinto.com\\\/fr\\\/services-email-pour-msp-isp\\\/\",\"name\":\"Solution email ISP et MPS : Cleanmail, SoGomail, Serenamail\",\"isPartOf\":{\"@id\":\"https:\\\/\\\/www.alinto.com\\\/fr\\\/#website\"},\"datePublished\":\"2022-03-08T10:04:27+00:00\",\"dateModified\":\"2025-07-16T09:32:13+00:00\",\"description\":\"Alinto fournit des solutions de messagerie et de s\u00e9curit\u00e9 des e-mails adapt\u00e9s aux besoins des ISP et MSP. D\u00e9couvrez Cleanmail, SoGomail, Serenamail.\",\"breadcrumb\":{\"@id\":\"https:\\\/\\\/www.alinto.com\\\/fr\\\/services-email-pour-msp-isp\\\/#breadcrumb\"},\"inLanguage\":\"fr-FR\",\"potentialAction\":[{\"@type\":\"ReadAction\",\"target\":[\"https:\\\/\\\/www.alinto.com\\\/fr\\\/services-email-pour-msp-isp\\\/\"]}]},{\"@type\":\"BreadcrumbList\",\"@id\":\"https:\\\/\\\/www.alinto.com\\\/fr\\\/services-email-pour-msp-isp\\\/#breadcrumb\",\"itemListElement\":[{\"@type\":\"ListItem\",\"position\":1,\"name\":\"Accueil\",\"item\":\"https:\\\/\\\/www.alinto.com\\\/fr\\\/\"},{\"@type\":\"ListItem\",\"position\":2,\"name\":\"Op\u00e9rateurs de services\"}]},{\"@type\":\"WebSite\",\"@id\":\"https:\\\/\\\/www.alinto.com\\\/fr\\\/#website\",\"url\":\"https:\\\/\\\/www.alinto.com\\\/fr\\\/\",\"name\":\"Alinto\",\"description\":\"Solutions email &amp; securit\u00e9 email\",\"publisher\":{\"@id\":\"https:\\\/\\\/www.alinto.com\\\/fr\\\/#organization\"},\"potentialAction\":[{\"@type\":\"SearchAction\",\"target\":{\"@type\":\"EntryPoint\",\"urlTemplate\":\"https:\\\/\\\/www.alinto.com\\\/fr\\\/?s={search_term_string}\"},\"query-input\":{\"@type\":\"PropertyValueSpecification\",\"valueRequired\":true,\"valueName\":\"search_term_string\"}}],\"inLanguage\":\"fr-FR\"},{\"@type\":\"Organization\",\"@id\":\"https:\\\/\\\/www.alinto.com\\\/fr\\\/#organization\",\"name\":\"Alinto\",\"url\":\"https:\\\/\\\/www.alinto.com\\\/fr\\\/\",\"logo\":{\"@type\":\"ImageObject\",\"inLanguage\":\"fr-FR\",\"@id\":\"https:\\\/\\\/www.alinto.com\\\/fr\\\/#\\\/schema\\\/logo\\\/image\\\/\",\"url\":\"https:\\\/\\\/www.alinto.com\\\/wp-content\\\/uploads\\\/2022\\\/04\\\/logo-alinto-1-1.svg\",\"contentUrl\":\"https:\\\/\\\/www.alinto.com\\\/wp-content\\\/uploads\\\/2022\\\/04\\\/logo-alinto-1-1.svg\",\"caption\":\"Alinto\"},\"image\":{\"@id\":\"https:\\\/\\\/www.alinto.com\\\/fr\\\/#\\\/schema\\\/logo\\\/image\\\/\"}}]}<\/script>\n<!-- \/ Yoast SEO plugin. -->","yoast_head_json":{"title":"Solution email ISP et MPS : Cleanmail, SoGomail, Serenamail","description":"Alinto fournit des solutions de messagerie et de s\u00e9curit\u00e9 des e-mails adapt\u00e9s aux besoins des ISP et MSP. D\u00e9couvrez Cleanmail, SoGomail, Serenamail.","robots":{"index":"index","follow":"follow","max-snippet":"max-snippet:-1","max-image-preview":"max-image-preview:large","max-video-preview":"max-video-preview:-1"},"canonical":"https:\/\/www.alinto.com\/fr\/services-email-pour-msp-isp\/","og_locale":"fr_FR","og_type":"article","og_title":"Solution email ISP et MPS : Cleanmail, SoGomail, Serenamail","og_description":"Alinto fournit des solutions de messagerie et de s\u00e9curit\u00e9 des e-mails adapt\u00e9s aux besoins des ISP et MSP. D\u00e9couvrez Cleanmail, SoGomail, Serenamail.","og_url":"https:\/\/www.alinto.com\/fr\/services-email-pour-msp-isp\/","og_site_name":"Alinto","article_modified_time":"2025-07-16T09:32:13+00:00","twitter_card":"summary_large_image","schema":{"@context":"https:\/\/schema.org","@graph":[{"@type":"WebPage","@id":"https:\/\/www.alinto.com\/fr\/services-email-pour-msp-isp\/","url":"https:\/\/www.alinto.com\/fr\/services-email-pour-msp-isp\/","name":"Solution email ISP et MPS : Cleanmail, SoGomail, Serenamail","isPartOf":{"@id":"https:\/\/www.alinto.com\/fr\/#website"},"datePublished":"2022-03-08T10:04:27+00:00","dateModified":"2025-07-16T09:32:13+00:00","description":"Alinto fournit des solutions de messagerie et de s\u00e9curit\u00e9 des e-mails adapt\u00e9s aux besoins des ISP et MSP. D\u00e9couvrez Cleanmail, SoGomail, Serenamail.","breadcrumb":{"@id":"https:\/\/www.alinto.com\/fr\/services-email-pour-msp-isp\/#breadcrumb"},"inLanguage":"fr-FR","potentialAction":[{"@type":"ReadAction","target":["https:\/\/www.alinto.com\/fr\/services-email-pour-msp-isp\/"]}]},{"@type":"BreadcrumbList","@id":"https:\/\/www.alinto.com\/fr\/services-email-pour-msp-isp\/#breadcrumb","itemListElement":[{"@type":"ListItem","position":1,"name":"Accueil","item":"https:\/\/www.alinto.com\/fr\/"},{"@type":"ListItem","position":2,"name":"Op\u00e9rateurs de services"}]},{"@type":"WebSite","@id":"https:\/\/www.alinto.com\/fr\/#website","url":"https:\/\/www.alinto.com\/fr\/","name":"Alinto","description":"Solutions email &amp; securit\u00e9 email","publisher":{"@id":"https:\/\/www.alinto.com\/fr\/#organization"},"potentialAction":[{"@type":"SearchAction","target":{"@type":"EntryPoint","urlTemplate":"https:\/\/www.alinto.com\/fr\/?s={search_term_string}"},"query-input":{"@type":"PropertyValueSpecification","valueRequired":true,"valueName":"search_term_string"}}],"inLanguage":"fr-FR"},{"@type":"Organization","@id":"https:\/\/www.alinto.com\/fr\/#organization","name":"Alinto","url":"https:\/\/www.alinto.com\/fr\/","logo":{"@type":"ImageObject","inLanguage":"fr-FR","@id":"https:\/\/www.alinto.com\/fr\/#\/schema\/logo\/image\/","url":"https:\/\/www.alinto.com\/wp-content\/uploads\/2022\/04\/logo-alinto-1-1.svg","contentUrl":"https:\/\/www.alinto.com\/wp-content\/uploads\/2022\/04\/logo-alinto-1-1.svg","caption":"Alinto"},"image":{"@id":"https:\/\/www.alinto.com\/fr\/#\/schema\/logo\/image\/"}}]}},"_links":{"self":[{"href":"https:\/\/www.alinto.com\/fr\/wp-json\/wp\/v2\/pages\/14955","targetHints":{"allow":["GET"]}}],"collection":[{"href":"https:\/\/www.alinto.com\/fr\/wp-json\/wp\/v2\/pages"}],"about":[{"href":"https:\/\/www.alinto.com\/fr\/wp-json\/wp\/v2\/types\/page"}],"author":[{"embeddable":true,"href":"https:\/\/www.alinto.com\/fr\/wp-json\/wp\/v2\/users\/16"}],"replies":[{"embeddable":true,"href":"https:\/\/www.alinto.com\/fr\/wp-json\/wp\/v2\/comments?post=14955"}],"version-history":[{"count":0,"href":"https:\/\/www.alinto.com\/fr\/wp-json\/wp\/v2\/pages\/14955\/revisions"}],"wp:attachment":[{"href":"https:\/\/www.alinto.com\/fr\/wp-json\/wp\/v2\/media?parent=14955"}],"curies":[{"name":"wp","href":"https:\/\/api.w.org\/{rel}","templated":true}]}}